{"id":314,"date":"2020-08-12T01:33:00","date_gmt":"2020-08-12T01:33:00","guid":{"rendered":"https:\/\/photons-event.de\/?page_id=314"},"modified":"2025-08-12T13:40:00","modified_gmt":"2025-08-12T13:40:00","slug":"agbs","status":"publish","type":"page","link":"https:\/\/photons-event.de\/?page_id=314","title":{"rendered":"AGBs"},"content":{"rendered":"\n<p>Photons Allgemeine Gesch\u00e4ftsbedingungen<\/p>\n\n\n\n<p class=\"has-main-color has-text-color\"><em>1. Vertragspartner<\/em><\/p>\n\n\n\n<p>Nachstehende Allgemeine Gesch\u00e4ftsbedingungen gelten f\u00fcr die Vertragsverh\u00e4ltnissezwischen Photons und dem Vertragspartner [Kunde].<\/p>\n\n\n\n<p class=\"has-main-color has-text-color\"><em>2. Vertrag<\/em><\/p>\n\n\n\n<p>Vertr\u00e4ge zwischen Photons und dem Kunden entstehen durch<br><br>\u2013 die Annahme eines schriftlichen Angebots<br>\u2013 schritflicher Vertrag<br>\u2013 das gesprochene Wort<\/p>\n\n\n\n<p class=\"has-main-color has-text-color\"><em>3 . Vertragsabschlus<\/em>s<\/p>\n\n\n\n<p>a) Bei jeder Buchung erh\u00e4lt der Kunde einen schriftlichen Vertrag, den er innerhalb einer Frist von 14 Tagen zur\u00fccksenden muss, um die Buchung abzuschlie\u00dfen. Verstreicht die genannte Frist, so ist Photons nicht weiter an die im Vertrag festgehaltenen Leistungen gebunden.<br>b) Sollte der im Vertrag festgehaltene Ausf\u00fchrungstermin innerhalb der 14-Tage-Frist liegen, so ist der unterschriebene Vertrag sp\u00e4testens vor Ausf\u00fchrungsbeginn vorzulegen.<br>c) Alle Vertr\u00e4ge werden bei Unterzeichnung durch Photons und dem Kunden, sp\u00e4testens jedoch mit der Ausf\u00fchrung der Leistung rechtskr\u00e4ftig.<\/p>\n\n\n\n<p class=\"has-main-color has-text-color\"><em>4. R\u00fccktritt <\/em>vom Vertrag<\/p>\n\n\n\n<p>Ein R\u00fccktritt seitens des Kunden bedarf der Schriftform und ist jederzeit m\u00f6glich. In diesem Falle berechnet Photons jedoch Stornokosten in folgender H\u00f6he:<br><br>innerhalb von 14 Tagen nach Buchung -&gt; kostenlos<br>R\u00fccktritt bis 100 Tage vor der Veranstaltung -&gt; 30% der im Vertrag vereinbarten Gage<br>R\u00fccktritt bis 30 Tage vor der Veranstaltung -&gt; 50% der im Vertrag vereinbarten Gage<br>R\u00fccktritt bis 7 Tage vor der Veranstaltung -&gt; 75% der im Vertrag vereinbarten Gage<br>R\u00fccktritt ab 7 Tage vor der Veranstaltung -&gt; 100% der im Vertrag vereinbarten Gage<br><br>Bei Stornierung von kurzfristig erteilten Auftr\u00e4gen, ohne Aussicht auf einen neuen Termin, werden die Stornokosten gesondert geregelt. Photons kann hierbei nach eigenem Ermessen eine Stornierung aus Kulanz vornehmen. Falls dieser Fall nicht eintritt kann eine Aufwandentsch\u00e4digung von mindestens 150\u20ac verlangt werden.<\/p>\n\n\n\n<p class=\"has-main-color has-text-color\"><em>5. \u00c4nderungen<\/em><\/p>\n\n\n\n<p>Jegliche \u00c4nderungen, die vom Kunden vorgenommen werden, m\u00fcssen Photons gemeldet werden. Der vereinbarte Vertrag wird dann korrigiert und ggf. neu berechnet. Zu \u00c4nderungen geh\u00f6ren :<br><br>\u2013 Veranstaltungsort<br>\u2013 Datum<br>\u2013 Buchungspositionen ( Technik, Personal, Aufbau )<br>\u2013 Nebenabsprachen zum Ablauf der Veranstaltung ( Musikpausen, Ansprachen, ect. )<\/p>\n\n\n\n<p class=\"has-main-color has-text-color\"><em>6. Anfahrtskosten<\/em><\/p>\n\n\n\n<p>Bis 20 km -> frei<br>20 \u2013 50 km -> 0,40\u20ac pro gefahrenen Kilometer<br>50 \u2013 100 km -> 0,60 \u20ac pro gefahrenen Kilometer<br><br>Die Kosten werden bis zum Veranstaltungsort berechnet und in der Rechnung hinterlegt. Die Kilometerpauschale gilt f\u00fcr eine einfache Strecke.<\/p>\n\n\n\n<p class=\"has-main-color has-text-color\"><em>7. Haftung<\/em><\/p>\n\n\n\n<p>F\u00fcr Personen- und Sachsch\u00e4den w\u00e4hrend einer Veranstaltung haftet ausschliesslich der Kunde, soweit der Schaden nicht durch grobfahrl\u00e4ssiges oder vors\u00e4tzliches Verhalten durch Photons verursacht worden ist.<br><br>F\u00fcr Sch\u00e4den an Equipment und Musikdatentr\u00e4gern von Photons, die w\u00e4hrend der einer Veranstaltung durch G\u00e4ste verursacht werden, haftet der Kunde.<br><br>Sofern Photons durch nicht von ihr zu verantwortende Umst\u00e4nde und \u00e4ussere Einfl\u00fcsse (h\u00f6here Gewalt, Naturkatastrophen, beh\u00f6rdliche Anordnung, Betriebsst\u00f6rungen beim Veranstalter, Stromausfall- oder Stromschwankungen ect.) die vereinbarten Leistungen nicht erbringen kann, hat der Kunde kein Recht auf R\u00fccktritt vom Vertrag, keinen Anspruch auf Schadensersatz.<\/p>\n\n\n\n<p class=\"has-main-color has-text-color\">8. Preise, Zahlungen, Verzug<\/p>\n\n\n\n<p>a) Alle Preise verstehen sich in EUR inklusive der zur Zeit g\u00fcltigen Umsatzsteuer von 16%.<br>b) Die vereinbarte Gage ist nach erbrachter Leistung in voller H\u00f6he zu begleichen. Die jeweilige Zahlungsmethode (Barzahlung, Vorauszahlung, Anzahlung, \u00dcberweisung) ist im Vertrag entsprechend festgehalten. Bei \u00dcberweisung ist ein Zahlungsziel von 14 Tagen auf der Rechnung ausgewiesen.<br>c ) Bei Arbeiten die Nachts, zwischen 22 und 6 Uhr, geleistet werden, wird ein Nachtzuschlag von 25% pro Stunde berechnet. <br>d) Bei Zahlungsverzug ist Photons berechtigt, alle weiterhin offenen Forderung zur sofortigen \u00dcberweisung f\u00e4llig zu stellen.<br>e ) Photons ist berechtigt, f\u00fcr <strong>jedes<\/strong> nach der ersten Zahlungserinnerung versandte weitere Erinnerungsschreiben eine Bearbeitungsgeb\u00fchr in H\u00f6he von <strong>5 % des jeweiligen Bruttorechnungsbetrages<\/strong> zu erheben. Die Geb\u00fchr wird zus\u00e4tzlich zu eventuell anfallenden Verzugszinsen gem\u00e4\u00df \u00a7 288 BGB berechnet. Die Geltendmachung eines weitergehenden Schadens bleibt vorbehalten.<\/p>\n\n\n\n<p class=\"has-main-color has-text-color\"><em>9. GEMA<\/em><\/p>\n\n\n\n<p>Alle f\u00e4lligen Geb\u00fchren f\u00fcr die GEMA werden vom Kunden allein getragen und direkt an die GEMA abgef\u00fchrt. F\u00fcr Fragen hierzu stehen die zust\u00e4ndigen Bezirksdirektionen zur Verf\u00fcgung.<br><a href=\"http:\/\/www.gema.de\/plz-suche\/\">http:\/\/www.gema.de\/plz-suche\/<\/a>.<\/p>\n\n\n\n<p class=\"has-main-color has-text-color\">10. Gerichtsstand<\/p>\n\n\n\n<p>Als Gerichtsstand gilt Haldensleben.<\/p>\n\n\n\n<p class=\"has-main-color has-text-color\"><em>11. Salvatorische Klausel<\/em><\/p>\n\n\n\n<p>Sollten einzelne Bestimmungen dieses Vertrages unwirksam oder undurchf\u00fchrbar sein oder nach Vertragsschluss unwirksam oder undurchf\u00fchrbar werden, bleibt davon die Wirksamkeit des Vertrages im \u00fcbrigen unber\u00fchrt.<\/p>\n\n\n\n<p class=\"has-main-color has-text-color\">12. Gefahr\u00fcbergang bei Versendung<\/p>\n\n\n\n<p>Wird Equipment auf Wunsch des Kunden an diesen versandt, so geht mit der Absendung an den Besteller, sp\u00e4testens mit Verlassen des Werks\/Lagers die Gefahr des zuf\u00e4lligen Untergangs oder der zuf\u00e4lligen Verschlechterung der Ware auf den Besteller \u00fcber. Dies gilt unabh\u00e4ngig davon, ob die Versendung der Ware vom Erf\u00fcllungsort erfolgt oder wer die Frachtkosten tr\u00e4gt.<\/p>\n","protected":false},"excerpt":{"rendered":"<p>Photons Allgemeine Gesch\u00e4ftsbedingungen 1. Vertragspartner Nachstehende Allgemeine Gesch\u00e4ftsbedingungen gelten f\u00fcr die Vertragsverh\u00e4ltnissezwischen Photons und dem Vertragspartner [Kunde]. 2. Vertrag Vertr\u00e4ge<span class=\"more-dots\">&#8230;<\/span><\/p>\n","protected":false},"author":1,"featured_media":0,"parent":0,"menu_order":0,"comment_status":"closed","ping_status":"closed","template":"","meta":{"_price":"","_stock":"","_tribe_ticket_header":"","_tribe_default_ticket_provider":"","_tribe_ticket_capacity":"0","_ticket_start_date":"","_ticket_end_date":"","_tribe_ticket_show_description":"","_tribe_ticket_show_not_going":false,"_tribe_ticket_use_global_stock":"","_tribe_ticket_global_stock_level":"","_global_stock_mode":"","_global_stock_cap":"","_tribe_rsvp_for_event":"","_tribe_ticket_going_count":"","_tribe_ticket_not_going_count":"","_tribe_tickets_list":"[]","_tribe_ticket_has_attendee_info_fields":false,"footnotes":"","_tec_slr_enabled":"","_tec_slr_layout":""},"class_list":["post-314","page","type-page","status-publish","hentry","no-post-thumbnail"],"jetpack_sharing_enabled":true,"ticketed":false,"_links":{"self":[{"href":"https:\/\/photons-event.de\/index.php?rest_route=\/wp\/v2\/pages\/314","targetHints":{"allow":["GET"]}}],"collection":[{"href":"https:\/\/photons-event.de\/index.php?rest_route=\/wp\/v2\/pages"}],"about":[{"href":"https:\/\/photons-event.de\/index.php?rest_route=\/wp\/v2\/types\/page"}],"author":[{"embeddable":true,"href":"https:\/\/photons-event.de\/index.php?rest_route=\/wp\/v2\/users\/1"}],"replies":[{"embeddable":true,"href":"https:\/\/photons-event.de\/index.php?rest_route=%2Fwp%2Fv2%2Fcomments&post=314"}],"version-history":[{"count":11,"href":"https:\/\/photons-event.de\/index.php?rest_route=\/wp\/v2\/pages\/314\/revisions"}],"predecessor-version":[{"id":840,"href":"https:\/\/photons-event.de\/index.php?rest_route=\/wp\/v2\/pages\/314\/revisions\/840"}],"wp:attachment":[{"href":"https:\/\/photons-event.de\/index.php?rest_route=%2Fwp%2Fv2%2Fmedia&parent=314"}],"curies":[{"name":"wp","href":"https:\/\/api.w.org\/{rel}","templated":true}]}}