{"id":153,"date":"2020-08-05T13:39:31","date_gmt":"2020-08-05T13:39:31","guid":{"rendered":"http:\/\/photons-event.de\/?page_id=153"},"modified":"2026-01-23T13:59:04","modified_gmt":"2026-01-23T13:59:04","slug":"startseite","status":"publish","type":"page","link":"https:\/\/photons-event.de\/","title":{"rendered":"Startseite"},"content":{"rendered":"\n<div class=\"wp-block-buttons is-layout-flex wp-block-buttons-is-layout-flex\"><\/div>\n\n\n\n<div class=\"wp-block-columns has-normal-font-size is-layout-flex wp-container-core-columns-is-layout-53642b31 wp-block-columns-is-layout-flex\" style=\"border-style:none;border-width:0px;padding-top:0;padding-right:0;padding-bottom:0;padding-left:0\">\n<div class=\"wp-block-column is-layout-flow wp-block-column-is-layout-flow\">\n<div class=\"wp-block-jetpack-tiled-gallery aligncenter is-style-columns\"><div class=\"\"><div class=\"tiled-gallery__gallery\"><div class=\"tiled-gallery__row\"><div class=\"tiled-gallery__col\" style=\"flex-basis:100.00000%\"><figure class=\"tiled-gallery__item\"><img decoding=\"async\" srcset=\"https:\/\/i0.wp.com\/photons-event.de\/wp-content\/uploads\/2021\/09\/20210710_205447-1-1024x461.jpg?strip=info&#038;w=600&#038;ssl=1 600w,https:\/\/i0.wp.com\/photons-event.de\/wp-content\/uploads\/2021\/09\/20210710_205447-1-1024x461.jpg?strip=info&#038;w=900&#038;ssl=1 900w,https:\/\/i0.wp.com\/photons-event.de\/wp-content\/uploads\/2021\/09\/20210710_205447-1-1024x461.jpg?strip=info&#038;w=1200&#038;ssl=1 1200w,https:\/\/i0.wp.com\/photons-event.de\/wp-content\/uploads\/2021\/09\/20210710_205447-1-1024x461.jpg?strip=info&#038;w=1500&#038;ssl=1 1500w,https:\/\/i0.wp.com\/photons-event.de\/wp-content\/uploads\/2021\/09\/20210710_205447-1-1024x461.jpg?strip=info&#038;w=1800&#038;ssl=1 1800w,https:\/\/i0.wp.com\/photons-event.de\/wp-content\/uploads\/2021\/09\/20210710_205447-1-1024x461.jpg?strip=info&#038;w=2000&#038;ssl=1 2000w\" alt=\"\" data-height=\"1153\" data-id=\"470\" data-link=\"https:\/\/photons-event.de\/?attachment_id=470\" data-url=\"https:\/\/photons-event.de\/wp-content\/uploads\/2021\/09\/20210710_205447-1-1024x461.jpg\" data-width=\"2560\" src=\"https:\/\/i0.wp.com\/photons-event.de\/wp-content\/uploads\/2021\/09\/20210710_205447-1-1024x461.jpg?ssl=1\" data-amp-layout=\"responsive\"\/><\/figure><figure class=\"tiled-gallery__item\"><img decoding=\"async\" srcset=\"https:\/\/i0.wp.com\/photons-event.de\/wp-content\/uploads\/2021\/09\/PicsArt_04-03-01.23.23-1024x461.jpg?strip=info&#038;w=600&#038;ssl=1 600w,https:\/\/i0.wp.com\/photons-event.de\/wp-content\/uploads\/2021\/09\/PicsArt_04-03-01.23.23-1024x461.jpg?strip=info&#038;w=900&#038;ssl=1 900w,https:\/\/i0.wp.com\/photons-event.de\/wp-content\/uploads\/2021\/09\/PicsArt_04-03-01.23.23-1024x461.jpg?strip=info&#038;w=1200&#038;ssl=1 1200w,https:\/\/i0.wp.com\/photons-event.de\/wp-content\/uploads\/2021\/09\/PicsArt_04-03-01.23.23-1024x461.jpg?strip=info&#038;w=1500&#038;ssl=1 1500w,https:\/\/i0.wp.com\/photons-event.de\/wp-content\/uploads\/2021\/09\/PicsArt_04-03-01.23.23-1024x461.jpg?strip=info&#038;w=1800&#038;ssl=1 1800w,https:\/\/i0.wp.com\/photons-event.de\/wp-content\/uploads\/2021\/09\/PicsArt_04-03-01.23.23-1024x461.jpg?strip=info&#038;w=2000&#038;ssl=1 2000w\" alt=\"\" data-height=\"1153\" data-id=\"466\" data-link=\"https:\/\/photons-event.de\/?attachment_id=466\" data-url=\"https:\/\/photons-event.de\/wp-content\/uploads\/2021\/09\/PicsArt_04-03-01.23.23-1024x461.jpg\" data-width=\"2560\" src=\"https:\/\/i0.wp.com\/photons-event.de\/wp-content\/uploads\/2021\/09\/PicsArt_04-03-01.23.23-1024x461.jpg?ssl=1\" data-amp-layout=\"responsive\"\/><\/figure><\/div><div class=\"tiled-gallery__col\"><figure class=\"tiled-gallery__item\"><img decoding=\"async\" srcset=\"https:\/\/i0.wp.com\/photons-event.de\/wp-content\/uploads\/2020\/12\/WhatsApp-Image-2020-08-05-at-00.57.51-2-1024x576-1.jpg?strip=info&#038;w=600&#038;ssl=1 600w,https:\/\/i0.wp.com\/photons-event.de\/wp-content\/uploads\/2020\/12\/WhatsApp-Image-2020-08-05-at-00.57.51-2-1024x576-1.jpg?strip=info&#038;w=900&#038;ssl=1 900w,https:\/\/i0.wp.com\/photons-event.de\/wp-content\/uploads\/2020\/12\/WhatsApp-Image-2020-08-05-at-00.57.51-2-1024x576-1.jpg?strip=info&#038;w=1024&#038;ssl=1 1024w\" alt=\"\" data-height=\"576\" data-id=\"423\" data-link=\"https:\/\/photons-event.de\/?attachment_id=423\" data-url=\"https:\/\/photons-event.de\/wp-content\/uploads\/2020\/12\/WhatsApp-Image-2020-08-05-at-00.57.51-2-1024x576-1.jpg\" data-width=\"1024\" src=\"https:\/\/i0.wp.com\/photons-event.de\/wp-content\/uploads\/2020\/12\/WhatsApp-Image-2020-08-05-at-00.57.51-2-1024x576-1.jpg?ssl=1\" data-amp-layout=\"responsive\"\/><\/figure><figure class=\"tiled-gallery__item\"><img decoding=\"async\" srcset=\"https:\/\/i0.wp.com\/photons-event.de\/wp-content\/uploads\/2020\/08\/IMG_0201-1-1024x683.jpg?strip=info&#038;w=600&#038;ssl=1 600w,https:\/\/i0.wp.com\/photons-event.de\/wp-content\/uploads\/2020\/08\/IMG_0201-1-1024x683.jpg?strip=info&#038;w=900&#038;ssl=1 900w,https:\/\/i0.wp.com\/photons-event.de\/wp-content\/uploads\/2020\/08\/IMG_0201-1-1024x683.jpg?strip=info&#038;w=1200&#038;ssl=1 1200w,https:\/\/i0.wp.com\/photons-event.de\/wp-content\/uploads\/2020\/08\/IMG_0201-1-1024x683.jpg?strip=info&#038;w=1500&#038;ssl=1 1500w,https:\/\/i0.wp.com\/photons-event.de\/wp-content\/uploads\/2020\/08\/IMG_0201-1-1024x683.jpg?strip=info&#038;w=1800&#038;ssl=1 1800w,https:\/\/i0.wp.com\/photons-event.de\/wp-content\/uploads\/2020\/08\/IMG_0201-1-1024x683.jpg?strip=info&#038;w=2000&#038;ssl=1 2000w\" alt=\"\" data-height=\"1707\" data-id=\"78\" data-link=\"https:\/\/photons-event.de\/?attachment_id=78\" data-url=\"https:\/\/photons-event.de\/wp-content\/uploads\/2020\/08\/IMG_0201-1-1024x683.jpg\" data-width=\"2560\" src=\"https:\/\/i0.wp.com\/photons-event.de\/wp-content\/uploads\/2020\/08\/IMG_0201-1-1024x683.jpg?ssl=1\" data-amp-layout=\"responsive\"\/><\/figure><\/div><div class=\"tiled-gallery__col\"><figure class=\"tiled-gallery__item\"><img decoding=\"async\" srcset=\"https:\/\/i0.wp.com\/photons-event.de\/wp-content\/uploads\/2020\/12\/WhatsApp-Image-2020-08-05-at-01.09.57-1024x768-1.jpg?strip=info&#038;w=600&#038;ssl=1 600w,https:\/\/i0.wp.com\/photons-event.de\/wp-content\/uploads\/2020\/12\/WhatsApp-Image-2020-08-05-at-01.09.57-1024x768-1.jpg?strip=info&#038;w=900&#038;ssl=1 900w,https:\/\/i0.wp.com\/photons-event.de\/wp-content\/uploads\/2020\/12\/WhatsApp-Image-2020-08-05-at-01.09.57-1024x768-1.jpg?strip=info&#038;w=1024&#038;ssl=1 1024w\" alt=\"\" data-height=\"768\" data-id=\"427\" data-link=\"https:\/\/photons-event.de\/?attachment_id=427\" data-url=\"https:\/\/photons-event.de\/wp-content\/uploads\/2020\/12\/WhatsApp-Image-2020-08-05-at-01.09.57-1024x768-1.jpg\" data-width=\"1024\" src=\"https:\/\/i0.wp.com\/photons-event.de\/wp-content\/uploads\/2020\/12\/WhatsApp-Image-2020-08-05-at-01.09.57-1024x768-1.jpg?ssl=1\" data-amp-layout=\"responsive\"\/><\/figure><figure class=\"tiled-gallery__item\"><img decoding=\"async\" srcset=\"https:\/\/i0.wp.com\/photons-event.de\/wp-content\/uploads\/2020\/08\/IMG_8188-1024x576.jpg?strip=info&#038;w=600&#038;ssl=1 600w,https:\/\/i0.wp.com\/photons-event.de\/wp-content\/uploads\/2020\/08\/IMG_8188-1024x576.jpg?strip=info&#038;w=900&#038;ssl=1 900w,https:\/\/i0.wp.com\/photons-event.de\/wp-content\/uploads\/2020\/08\/IMG_8188-1024x576.jpg?strip=info&#038;w=1200&#038;ssl=1 1200w,https:\/\/i0.wp.com\/photons-event.de\/wp-content\/uploads\/2020\/08\/IMG_8188-1024x576.jpg?strip=info&#038;w=1500&#038;ssl=1 1500w,https:\/\/i0.wp.com\/photons-event.de\/wp-content\/uploads\/2020\/08\/IMG_8188-1024x576.jpg?strip=info&#038;w=1800&#038;ssl=1 1800w,https:\/\/i0.wp.com\/photons-event.de\/wp-content\/uploads\/2020\/08\/IMG_8188-1024x576.jpg?strip=info&#038;w=1920&#038;ssl=1 1920w\" alt=\"\" data-height=\"1080\" data-id=\"80\" data-link=\"https:\/\/photons-event.de\/?attachment_id=80\" data-url=\"https:\/\/photons-event.de\/wp-content\/uploads\/2020\/08\/IMG_8188-1024x576.jpg\" data-width=\"1920\" src=\"https:\/\/i0.wp.com\/photons-event.de\/wp-content\/uploads\/2020\/08\/IMG_8188-1024x576.jpg?ssl=1\" data-amp-layout=\"responsive\"\/><\/figure><\/div><\/div><\/div><\/div><\/div>\n<\/div>\n<\/div>\n\n\n\n<div style=\"height:167px\" aria-hidden=\"true\" class=\"wp-block-spacer\"><\/div>\n\n\n\n<div style=\"height:100px\" aria-hidden=\"true\" class=\"wp-block-spacer\"><\/div>\n\n\n\n<div class=\"wp-block-columns is-layout-flex wp-container-core-columns-is-layout-9d6595d7 wp-block-columns-is-layout-flex\">\n<div class=\"wp-block-column is-layout-flow wp-block-column-is-layout-flow\">\n<figure class=\"wp-block-image aligncenter size-full\"><img loading=\"lazy\" decoding=\"async\" width=\"85\" height=\"85\" src=\"https:\/\/photons-event.de\/wp-content\/uploads\/2022\/12\/Event_Widget.png\" alt=\"\" class=\"wp-image-655\"\/><figcaption class=\"wp-element-caption\">EVENTS<\/figcaption><\/figure>\n\n\n\n<p class=\"has-text-align-center\">Gerne sind wir Dein Ansprechpartner f\u00fcr die Planung und Durchf\u00fchrung von Veranstaltungen wie zum Beispiel Galas, Firmenveranstaltungen, Geburtstage, Live-Veranstaltungen und Langzeitevents<\/p>\n\n\n\n<div class=\"wp-block-buttons is-layout-flex wp-block-buttons-is-layout-flex\"><\/div>\n<\/div>\n\n\n\n<div class=\"wp-block-column is-vertically-aligned-center is-layout-flow wp-block-column-is-layout-flow\">\n<figure class=\"wp-block-image aligncenter size-full has-custom-border\"><img loading=\"lazy\" decoding=\"async\" width=\"85\" height=\"85\" src=\"https:\/\/photons-event.de\/wp-content\/uploads\/2022\/12\/Rental_Widget.png\" alt=\"\" class=\"wp-image-657\" style=\"border-style:none;border-width:0px\"\/><figcaption class=\"wp-element-caption\">RENTALS<\/figcaption><\/figure>\n\n\n\n<p class=\"has-text-align-center\">Wir vermieten unsere Technik an dich, auch wenn du kein Personal brauchst. Egal ob nur ein Mikrofon, eine Anlage f\u00fcr deine Party oder ganze B\u00fchnen, wir versorgen dich mit professionellem Equipment f\u00fcr deine Veranstaltung<\/p>\n\n\n\n<div class=\"wp-block-buttons is-layout-flex wp-block-buttons-is-layout-flex\">\n<div class=\"wp-block-button aligncenter is-style-arrow-transparent\"><a class=\"wp-block-button__link wp-element-button\" href=\"https:\/\/photons-event.de\/?page_id=26\" rel=\"https:\/\/photons-event.de\/?page_id=26\">Read more <\/a><\/div>\n<\/div>\n<\/div>\n\n\n\n<div class=\"wp-block-column is-layout-flow wp-block-column-is-layout-flow\">\n<figure class=\"wp-block-image aligncenter size-full\"><img loading=\"lazy\" decoding=\"async\" width=\"85\" height=\"85\" src=\"https:\/\/photons-event.de\/wp-content\/uploads\/2022\/12\/Powerdistributions_Widget.png\" alt=\"\" class=\"wp-image-658\"\/><figcaption class=\"wp-element-caption\">POWERDISTRIBUTIONS<\/figcaption><\/figure>\n\n\n\n<p>Als Elektrofachkraft errichten, pr\u00fcfen und protokollieren wir dir deine Elektroverteilung, stellen die Betriebssicherheit deiner Ger\u00e4te fest und errichten elektrische infrastrukturen<br><\/p>\n<\/div>\n<\/div>\n\n\n\n<div style=\"height:424px\" aria-hidden=\"true\" class=\"wp-block-spacer\"><\/div>\n\n\n\n<p><\/p>\n\n\n\n<div class=\"wp-block-jetpack-contact-info\">\n<div class=\"wp-block-jetpack-email\"><a href=\"mailto:info@photons-event.de\">info@photons-event.de<\/a><\/div>\n\n\n\n<div class=\"wp-block-jetpack-phone\"><a href=\"tel:+4917643425585\">+49 176 43425585<\/a><\/div>\n\n\n\n<div class=\"wp-block-jetpack-address\"><a href=\"https:\/\/www.google.com\/maps\/search\/Lessingstra\u00dfe+6a,+39646,+Oebisfelde-Weferlingen\" target=\"_blank\" rel=\"noopener noreferrer\" title=\"Adresse in Google Maps \u00f6ffnen\"><div class=\"jetpack-address__address jetpack-address__address1\">Lessingstra\u00dfe 6a<\/div><div><span class=\"jetpack-address__city\">39646<\/span>, <span class=\"jetpack-address__region\"><\/span> <span class=\"jetpack-address__postal\">Oebisfelde-Weferlingen<\/span><\/div><\/a><\/div>\n<\/div>\n\n\n\n<p><\/p>\n\n\n\n<p><\/p>\n\n\n\n<div class=\"wp-block-jetpack-send-a-message\">\n<div class=\"wp-block-jetpack-whatsapp-button is-color-dark\"><a class=\"whatsapp-block__button\" href=\"https:\/\/api.whatsapp.com\/send?phone=4917643425585&amp;text=Hallo%2C%20ich%20habe%20deine%20WhatsApp-Nummer%20von%20deiner%20Website.\" style=\"background-color:#25D366;color:#fff\" target=\"_self\" rel=\"noopener noreferrer\">WhatsApp<\/a><\/div>\n<\/div>\n\n\n\n<p><\/p>\n\n\n\n<div class=\"wp-block-wpzoom-blocks-social-icons is-style-with-canvas-round\" style=\"--wpz-social-icons-block-item-font-size:18px;--wpz-social-icons-block-item-padding-horizontal:6px;--wpz-social-icons-block-item-padding-vertical:6px;--wpz-social-icons-block-item-margin-horizontal:5px;--wpz-social-icons-block-item-margin-vertical:5px;--wpz-social-icons-block-item-border-radius:50px;--wpz-social-icons-block-label-font-size:16px;--wpz-social-icons-block-label-color:#2e3131;--wpz-social-icons-block-label-color-hover:#2e3131;--wpz-social-icons-alignment:flex-start\"><a href=\"https:\/\/www.facebook.com\/PhotonsEvent\" class=\"social-icon-link\" title=\"Facebook\" style=\"--wpz-social-icons-block-item-color:#1877F2;--wpz-social-icons-block-item-color-hover:#1877F2\"><span class=\"social-icon socicon socicon-facebook\"><\/span><\/a><a href=\"https:\/\/www.instagram.com\/photons_event\/\" class=\"social-icon-link\" title=\"Instagram\" style=\"--wpz-social-icons-block-item-color:#E4405F;--wpz-social-icons-block-item-color-hover:#E4405F\"><span class=\"social-icon socicon socicon-instagram\"><\/span><\/a><\/div>\n\n\n\n<div style=\"height:100px\" aria-hidden=\"true\" class=\"wp-block-spacer\"><\/div>\n","protected":false},"excerpt":{"rendered":"<p>Gerne sind wir Dein Ansprechpartner f\u00fcr die Planung und Durchf\u00fchrung von Veranstaltungen wie zum Beispiel Galas, Firmenveranstaltungen, Geburtstage, Live-Veranstaltungen und<span class=\"more-dots\">&#8230;<\/span><\/p>\n","protected":false},"author":1,"featured_media":0,"parent":0,"menu_order":0,"comment_status":"closed","ping_status":"closed","template":"","meta":{"_price":"","_stock":"","_tribe_ticket_header":"","_tribe_default_ticket_provider":"","_tribe_ticket_capacity":"0","_ticket_start_date":"","_ticket_end_date":"","_tribe_ticket_show_description":"","_tribe_ticket_show_not_going":false,"_tribe_ticket_use_global_stock":"","_tribe_ticket_global_stock_level":"","_global_stock_mode":"","_global_stock_cap":"","_tribe_rsvp_for_event":"","_tribe_ticket_going_count":"","_tribe_ticket_not_going_count":"","_tribe_tickets_list":"[]","_tribe_ticket_has_attendee_info_fields":false,"footnotes":"","_tec_slr_enabled":"","_tec_slr_layout":""},"class_list":["post-153","page","type-page","status-publish","hentry","no-post-thumbnail"],"jetpack_sharing_enabled":true,"ticketed":false,"_links":{"self":[{"href":"https:\/\/photons-event.de\/index.php?rest_route=\/wp\/v2\/pages\/153","targetHints":{"allow":["GET"]}}],"collection":[{"href":"https:\/\/photons-event.de\/index.php?rest_route=\/wp\/v2\/pages"}],"about":[{"href":"https:\/\/photons-event.de\/index.php?rest_route=\/wp\/v2\/types\/page"}],"author":[{"embeddable":true,"href":"https:\/\/photons-event.de\/index.php?rest_route=\/wp\/v2\/users\/1"}],"replies":[{"embeddable":true,"href":"https:\/\/photons-event.de\/index.php?rest_route=%2Fwp%2Fv2%2Fcomments&post=153"}],"version-history":[{"count":65,"href":"https:\/\/photons-event.de\/index.php?rest_route=\/wp\/v2\/pages\/153\/revisions"}],"predecessor-version":[{"id":844,"href":"https:\/\/photons-event.de\/index.php?rest_route=\/wp\/v2\/pages\/153\/revisions\/844"}],"wp:attachment":[{"href":"https:\/\/photons-event.de\/index.php?rest_route=%2Fwp%2Fv2%2Fmedia&parent=153"}],"curies":[{"name":"wp","href":"https:\/\/api.w.org\/{rel}","templated":true}]}}